{"id":18,"date":"2023-01-02T18:42:38","date_gmt":"2023-01-02T17:42:38","guid":{"rendered":"https:\/\/elsastern.com\/?page_id=18"},"modified":"2024-08-30T15:00:22","modified_gmt":"2024-08-30T13:00:22","slug":"a-propos","status":"publish","type":"page","link":"https:\/\/elsastern.com\/en\/a-propos\/","title":{"rendered":"about"},"content":{"rendered":"<div data-elementor-type=\"wp-page\" data-elementor-id=\"18\" class=\"elementor elementor-18\">\n\t\t\t\t\t\t<section class=\"elementor-section elementor-top-section elementor-element elementor-element-fd16431 elementor-section-boxed elementor-section-height-default elementor-section-height-default\" data-id=\"fd16431\" data-element_type=\"section\" data-e-type=\"section\">\n\t\t\t\t\t\t<div class=\"elementor-container elementor-column-gap-default\">\n\t\t\t\t\t<div class=\"elementor-column elementor-col-100 elementor-top-column elementor-element elementor-element-e7f1656\" data-id=\"e7f1656\" data-element_type=\"column\" data-e-type=\"column\">\n\t\t\t<div class=\"elementor-widget-wrap elementor-element-populated\">\n\t\t\t\t\t\t<div class=\"elementor-element elementor-element-69d209e elementor-widget elementor-widget-heading\" data-id=\"69d209e\" data-element_type=\"widget\" data-e-type=\"widget\" data-widget_type=\"heading.default\">\n\t\t\t\t<div class=\"elementor-widget-container\">\n\t\t\t\t\t<h1 class=\"elementor-heading-title elementor-size-default\">L'offre<\/h1>\t\t\t\t<\/div>\n\t\t\t\t<\/div>\n\t\t\t\t\t<\/div>\n\t\t<\/div>\n\t\t\t\t\t<\/div>\n\t\t<\/section>\n\t\t\t\t<section class=\"elementor-section elementor-top-section elementor-element elementor-element-dca8858 elementor-section-boxed elementor-section-height-default elementor-section-height-default\" data-id=\"dca8858\" data-element_type=\"section\" data-e-type=\"section\">\n\t\t\t\t\t\t<div class=\"elementor-container elementor-column-gap-default\">\n\t\t\t\t\t<div class=\"elementor-column elementor-col-100 elementor-top-column elementor-element elementor-element-7ad4405\" data-id=\"7ad4405\" data-element_type=\"column\" data-e-type=\"column\">\n\t\t\t<div class=\"elementor-widget-wrap elementor-element-populated\">\n\t\t\t\t\t\t<div class=\"elementor-element elementor-element-a8c8bbb elementor-widget elementor-widget-image\" data-id=\"a8c8bbb\" data-element_type=\"widget\" data-e-type=\"widget\" data-widget_type=\"image.default\">\n\t\t\t\t<div class=\"elementor-widget-container\">\n\t\t\t\t\t\t\t\t\t\t\t\t\t\t\t<img decoding=\"async\" width=\"150\" height=\"150\" src=\"https:\/\/elsastern.com\/wp-content\/uploads\/2023\/01\/iconhoriz.svg\" class=\"attachment-thumbnail size-thumbnail wp-image-102\" alt=\"Elsa stern design direction artistique\" srcset=\"https:\/\/elsastern.com\/wp-content\/uploads\/2023\/01\/iconhoriz.svg 150w, https:\/\/elsastern.com\/wp-content\/uploads\/2023\/01\/iconhoriz.svg 300w, https:\/\/elsastern.com\/wp-content\/uploads\/2023\/01\/iconhoriz.svg 1024w, https:\/\/elsastern.com\/wp-content\/uploads\/2023\/01\/iconhoriz.svg 1536w, https:\/\/elsastern.com\/wp-content\/uploads\/2023\/01\/iconhoriz.svg 2048w\" sizes=\"(max-width: 150px) 100vw, 150px\" \/>\t\t\t\t\t\t\t\t\t\t\t\t\t\t\t<\/div>\n\t\t\t\t<\/div>\n\t\t\t\t\t<\/div>\n\t\t<\/div>\n\t\t\t\t\t<\/div>\n\t\t<\/section>\n\t\t\t\t<section class=\"elementor-section elementor-top-section elementor-element elementor-element-378cbea elementor-section-boxed elementor-section-height-default elementor-section-height-default\" data-id=\"378cbea\" data-element_type=\"section\" data-e-type=\"section\">\n\t\t\t\t\t\t<div class=\"elementor-container elementor-column-gap-default\">\n\t\t\t\t\t<div class=\"elementor-column elementor-col-50 elementor-top-column elementor-element elementor-element-e6fba60\" data-id=\"e6fba60\" data-element_type=\"column\" data-e-type=\"column\">\n\t\t\t<div class=\"elementor-widget-wrap elementor-element-populated\">\n\t\t\t\t\t\t<div class=\"elementor-element elementor-element-a4a8541 elementor-widget elementor-widget-text-editor\" data-id=\"a4a8541\" data-element_type=\"widget\" data-e-type=\"widget\" data-widget_type=\"text-editor.default\">\n\t\t\t\t<div class=\"elementor-widget-container\">\n\t\t\t\t\t\t\t\t\t<p>My name is Elsa Stern and I am a Creative Director, based in Paris, France. \u00a0<\/p><p>After studying marketing <strong>at McGill University<\/strong> and <strong>ESSEC Business School<\/strong>, j&rsquo;ai travaill\u00e9 plusieurs ann\u00e9es en tant que chef de projet chez <strong>Publicis Conseil<\/strong> then later as a Communications Consultant.<\/p><p>Now,<\/p><p>I am mainly work on <strong>branding and design projects, such as<\/strong> :<\/p><p>\u25c9 Brand visual identity<br \/>\u25c9  Conception of different communication media (business cards, flyers, formatting of internal documents, powerpoint presentation, etc.)<br \/>\u25c9 UI &amp; website design and development<\/p><p>Get in touch to learn more!<\/p>\t\t\t\t\t\t\t\t<\/div>\n\t\t\t\t<\/div>\n\t\t\t\t\t<\/div>\n\t\t<\/div>\n\t\t\t\t<div class=\"elementor-column elementor-col-50 elementor-top-column elementor-element elementor-element-96ea1b4\" data-id=\"96ea1b4\" data-element_type=\"column\" data-e-type=\"column\">\n\t\t\t<div class=\"elementor-widget-wrap elementor-element-populated\">\n\t\t\t\t\t\t<div class=\"elementor-element elementor-element-d4e746f elementor-widget elementor-widget-image\" data-id=\"d4e746f\" data-element_type=\"widget\" data-e-type=\"widget\" data-widget_type=\"image.default\">\n\t\t\t\t<div class=\"elementor-widget-container\">\n\t\t\t\t\t\t\t\t\t\t\t\t\t\t\t<img fetchpriority=\"high\" decoding=\"async\" width=\"437\" height=\"463\" src=\"https:\/\/elsastern.com\/wp-content\/uploads\/2023\/01\/photoElsa-BD-Basse-nofond-inversee-e1673016455706.png\" class=\"attachment-large size-large wp-image-788\" alt=\"photo elsa stern design\" srcset=\"https:\/\/elsastern.com\/wp-content\/uploads\/2023\/01\/photoElsa-BD-Basse-nofond-inversee-e1673016455706.png 437w, https:\/\/elsastern.com\/wp-content\/uploads\/2023\/01\/photoElsa-BD-Basse-nofond-inversee-e1673016455706-283x300.png 283w\" sizes=\"(max-width: 437px) 100vw, 437px\" \/>\t\t\t\t\t\t\t\t\t\t\t\t\t\t\t<\/div>\n\t\t\t\t<\/div>\n\t\t\t\t\t<\/div>\n\t\t<\/div>\n\t\t\t\t\t<\/div>\n\t\t<\/section>\n\t\t\t\t<section class=\"elementor-section elementor-top-section elementor-element elementor-element-79cd135 elementor-section-boxed elementor-section-height-default elementor-section-height-default\" data-id=\"79cd135\" data-element_type=\"section\" data-e-type=\"section\">\n\t\t\t\t\t\t<div class=\"elementor-container elementor-column-gap-default\">\n\t\t\t\t\t<div class=\"elementor-column elementor-col-100 elementor-top-column elementor-element elementor-element-ece70d7\" data-id=\"ece70d7\" data-element_type=\"column\" data-e-type=\"column\">\n\t\t\t<div class=\"elementor-widget-wrap elementor-element-populated\">\n\t\t\t\t\t\t<div class=\"elementor-element elementor-element-243bda2 elementor-widget elementor-widget-button\" data-id=\"243bda2\" data-element_type=\"widget\" data-e-type=\"widget\" data-widget_type=\"button.default\">\n\t\t\t\t<div class=\"elementor-widget-container\">\n\t\t\t\t\t\t\t\t\t<div class=\"elementor-button-wrapper\">\n\t\t\t\t\t<a class=\"elementor-button elementor-button-link elementor-size-sm\" href=\"https:\/\/elsastern.com\/en\/travailler-ensemble\/\">\n\t\t\t\t\t\t<span class=\"elementor-button-content-wrapper\">\n\t\t\t\t\t\t\t\t\t<span class=\"elementor-button-text\">let's discuss design!<\/span>\n\t\t\t\t\t<\/span>\n\t\t\t\t\t<\/a>\n\t\t\t\t<\/div>\n\t\t\t\t\t\t\t\t<\/div>\n\t\t\t\t<\/div>\n\t\t\t\t\t<\/div>\n\t\t<\/div>\n\t\t\t\t\t<\/div>\n\t\t<\/section>\n\t\t\t\t<\/div>","protected":false},"excerpt":{"rendered":"<p>L&rsquo;offre Je m\u2019appelle Elsa Stern et je suis Directrice Artistique, bas\u00e9e \u00e0 Paris. Apr\u00e8s des \u00e9tudes de marketing \u00e0 McGill University (Canada) et ESSEC Business School, j&rsquo;ai travaill\u00e9 plusieurs ann\u00e9es en tant que chef de projet chez Publicis Conseil puis comme consultante en communication. Je me concentre \u00e0 pr\u00e9sent sur l\u2019aspect plus cr\u00e9atif du m\u00e9tier [&hellip;]<\/p>","protected":false},"author":2,"featured_media":216,"parent":0,"menu_order":0,"comment_status":"closed","ping_status":"closed","template":"","meta":{"_eb_attr":"","footnotes":""},"class_list":["post-18","page","type-page","status-publish","has-post-thumbnail","hentry"],"yoast_head":"<!-- This site is optimized with the Yoast SEO plugin v26.9 - https:\/\/yoast.com\/product\/yoast-seo-wordpress\/ -->\n<title>A propos - elsa stern design<\/title>\n<meta name=\"description\" content=\"Obtenez plus d&#039;informations sur elsa stern design - cr\u00e9ation de logo et d&#039;identit\u00e9 visuelle, UI design, branding... c&#039;est ici !\" \/>\n<meta name=\"robots\" content=\"index, follow, max-snippet:-1, max-image-preview:large, max-video-preview:-1\" \/>\n<link rel=\"canonical\" href=\"https:\/\/elsastern.com\/en\/a-propos\/\" \/>\n<meta property=\"og:locale\" content=\"en_GB\" \/>\n<meta property=\"og:type\" content=\"article\" \/>\n<meta property=\"og:title\" content=\"A propos - elsa stern design\" \/>\n<meta property=\"og:description\" content=\"Obtenez plus d&#039;informations sur elsa stern design - cr\u00e9ation de logo et d&#039;identit\u00e9 visuelle, UI design, branding... c&#039;est ici !\" \/>\n<meta property=\"og:url\" content=\"https:\/\/elsastern.com\/en\/a-propos\/\" \/>\n<meta property=\"og:site_name\" content=\"elsa stern design\" \/>\n<meta property=\"article:modified_time\" content=\"2024-08-30T13:00:22+00:00\" \/>\n<meta property=\"og:image\" content=\"https:\/\/elsastern.com\/wp-content\/uploads\/2023\/01\/photoElsa-BD-Basse-nofond.png\" \/>\n\t<meta property=\"og:image:width\" content=\"500\" \/>\n\t<meta property=\"og:image:height\" content=\"500\" \/>\n\t<meta property=\"og:image:type\" content=\"image\/png\" \/>\n<meta name=\"twitter:card\" content=\"summary_large_image\" \/>\n<meta name=\"twitter:label1\" content=\"Estimated reading time\" \/>\n\t<meta name=\"twitter:data1\" content=\"1 minute\" \/>\n<script type=\"application\/ld+json\" class=\"yoast-schema-graph\">{\"@context\":\"https:\/\/schema.org\",\"@graph\":[{\"@type\":\"WebPage\",\"@id\":\"https:\/\/elsastern.com\/a-propos\/\",\"url\":\"https:\/\/elsastern.com\/a-propos\/\",\"name\":\"A propos - elsa stern design\",\"isPartOf\":{\"@id\":\"https:\/\/elsastern.com\/#website\"},\"primaryImageOfPage\":{\"@id\":\"https:\/\/elsastern.com\/a-propos\/#primaryimage\"},\"image\":{\"@id\":\"https:\/\/elsastern.com\/a-propos\/#primaryimage\"},\"thumbnailUrl\":\"https:\/\/elsastern.com\/wp-content\/uploads\/2023\/01\/photoElsa-BD-Basse-nofond.png\",\"datePublished\":\"2023-01-02T17:42:38+00:00\",\"dateModified\":\"2024-08-30T13:00:22+00:00\",\"description\":\"Obtenez plus d'informations sur elsa stern design - cr\u00e9ation de logo et d'identit\u00e9 visuelle, UI design, branding... c'est ici !\",\"breadcrumb\":{\"@id\":\"https:\/\/elsastern.com\/a-propos\/#breadcrumb\"},\"inLanguage\":\"en-GB\",\"potentialAction\":[{\"@type\":\"ReadAction\",\"target\":[\"https:\/\/elsastern.com\/a-propos\/\"]}]},{\"@type\":\"ImageObject\",\"inLanguage\":\"en-GB\",\"@id\":\"https:\/\/elsastern.com\/a-propos\/#primaryimage\",\"url\":\"https:\/\/elsastern.com\/wp-content\/uploads\/2023\/01\/photoElsa-BD-Basse-nofond.png\",\"contentUrl\":\"https:\/\/elsastern.com\/wp-content\/uploads\/2023\/01\/photoElsa-BD-Basse-nofond.png\",\"width\":500,\"height\":500,\"caption\":\"Elsa Stern directrice de cr\u00e9ation \u00e0 Paris\"},{\"@type\":\"BreadcrumbList\",\"@id\":\"https:\/\/elsastern.com\/a-propos\/#breadcrumb\",\"itemListElement\":[{\"@type\":\"ListItem\",\"position\":1,\"name\":\"Accueil\",\"item\":\"https:\/\/elsastern.com\/\"},{\"@type\":\"ListItem\",\"position\":2,\"name\":\"A propos\"}]},{\"@type\":\"WebSite\",\"@id\":\"https:\/\/elsastern.com\/#website\",\"url\":\"https:\/\/elsastern.com\/\",\"name\":\"elsa stern design\",\"description\":\"Cr\u00e9ons une identit\u00e9 propre \u00e0 votre besoin.\",\"publisher\":{\"@id\":\"https:\/\/elsastern.com\/#organization\"},\"potentialAction\":[{\"@type\":\"SearchAction\",\"target\":{\"@type\":\"EntryPoint\",\"urlTemplate\":\"https:\/\/elsastern.com\/?s={search_term_string}\"},\"query-input\":{\"@type\":\"PropertyValueSpecification\",\"valueRequired\":true,\"valueName\":\"search_term_string\"}}],\"inLanguage\":\"en-GB\"},{\"@type\":\"Organization\",\"@id\":\"https:\/\/elsastern.com\/#organization\",\"name\":\"elsa stern design\",\"url\":\"https:\/\/elsastern.com\/\",\"logo\":{\"@type\":\"ImageObject\",\"inLanguage\":\"en-GB\",\"@id\":\"https:\/\/elsastern.com\/#\/schema\/logo\/image\/\",\"url\":\"https:\/\/elsastern.com\/wp-content\/uploads\/2023\/01\/logo_.svg\",\"contentUrl\":\"https:\/\/elsastern.com\/wp-content\/uploads\/2023\/01\/logo_.svg\",\"width\":808,\"height\":216,\"caption\":\"elsa stern design\"},\"image\":{\"@id\":\"https:\/\/elsastern.com\/#\/schema\/logo\/image\/\"},\"sameAs\":[\"https:\/\/www.instagram.com\/elsastern_design\/\",\"https:\/\/www.linkedin.com\/in\/elsa-stern\/\"]}]}<\/script>\n<!-- \/ Yoast SEO plugin. -->","yoast_head_json":{"title":"A propos - elsa stern design","description":"Obtenez plus d'informations sur elsa stern design - cr\u00e9ation de logo et d'identit\u00e9 visuelle, UI design, branding... c'est ici !","robots":{"index":"index","follow":"follow","max-snippet":"max-snippet:-1","max-image-preview":"max-image-preview:large","max-video-preview":"max-video-preview:-1"},"canonical":"https:\/\/elsastern.com\/en\/a-propos\/","og_locale":"en_GB","og_type":"article","og_title":"A propos - elsa stern design","og_description":"Obtenez plus d'informations sur elsa stern design - cr\u00e9ation de logo et d'identit\u00e9 visuelle, UI design, branding... c'est ici !","og_url":"https:\/\/elsastern.com\/en\/a-propos\/","og_site_name":"elsa stern design","article_modified_time":"2024-08-30T13:00:22+00:00","og_image":[{"width":500,"height":500,"url":"https:\/\/elsastern.com\/wp-content\/uploads\/2023\/01\/photoElsa-BD-Basse-nofond.png","type":"image\/png"}],"twitter_card":"summary_large_image","twitter_misc":{"Estimated reading time":"1 minute"},"schema":{"@context":"https:\/\/schema.org","@graph":[{"@type":"WebPage","@id":"https:\/\/elsastern.com\/a-propos\/","url":"https:\/\/elsastern.com\/a-propos\/","name":"A propos - elsa stern design","isPartOf":{"@id":"https:\/\/elsastern.com\/#website"},"primaryImageOfPage":{"@id":"https:\/\/elsastern.com\/a-propos\/#primaryimage"},"image":{"@id":"https:\/\/elsastern.com\/a-propos\/#primaryimage"},"thumbnailUrl":"https:\/\/elsastern.com\/wp-content\/uploads\/2023\/01\/photoElsa-BD-Basse-nofond.png","datePublished":"2023-01-02T17:42:38+00:00","dateModified":"2024-08-30T13:00:22+00:00","description":"Obtenez plus d'informations sur elsa stern design - cr\u00e9ation de logo et d'identit\u00e9 visuelle, UI design, branding... c'est ici !","breadcrumb":{"@id":"https:\/\/elsastern.com\/a-propos\/#breadcrumb"},"inLanguage":"en-GB","potentialAction":[{"@type":"ReadAction","target":["https:\/\/elsastern.com\/a-propos\/"]}]},{"@type":"ImageObject","inLanguage":"en-GB","@id":"https:\/\/elsastern.com\/a-propos\/#primaryimage","url":"https:\/\/elsastern.com\/wp-content\/uploads\/2023\/01\/photoElsa-BD-Basse-nofond.png","contentUrl":"https:\/\/elsastern.com\/wp-content\/uploads\/2023\/01\/photoElsa-BD-Basse-nofond.png","width":500,"height":500,"caption":"Elsa Stern directrice de cr\u00e9ation \u00e0 Paris"},{"@type":"BreadcrumbList","@id":"https:\/\/elsastern.com\/a-propos\/#breadcrumb","itemListElement":[{"@type":"ListItem","position":1,"name":"Accueil","item":"https:\/\/elsastern.com\/"},{"@type":"ListItem","position":2,"name":"A propos"}]},{"@type":"WebSite","@id":"https:\/\/elsastern.com\/#website","url":"https:\/\/elsastern.com\/","name":"elsa stern design","description":"Cr\u00e9ons une identit\u00e9 propre \u00e0 votre besoin.","publisher":{"@id":"https:\/\/elsastern.com\/#organization"},"potentialAction":[{"@type":"SearchAction","target":{"@type":"EntryPoint","urlTemplate":"https:\/\/elsastern.com\/?s={search_term_string}"},"query-input":{"@type":"PropertyValueSpecification","valueRequired":true,"valueName":"search_term_string"}}],"inLanguage":"en-GB"},{"@type":"Organization","@id":"https:\/\/elsastern.com\/#organization","name":"elsa stern design","url":"https:\/\/elsastern.com\/","logo":{"@type":"ImageObject","inLanguage":"en-GB","@id":"https:\/\/elsastern.com\/#\/schema\/logo\/image\/","url":"https:\/\/elsastern.com\/wp-content\/uploads\/2023\/01\/logo_.svg","contentUrl":"https:\/\/elsastern.com\/wp-content\/uploads\/2023\/01\/logo_.svg","width":808,"height":216,"caption":"elsa stern design"},"image":{"@id":"https:\/\/elsastern.com\/#\/schema\/logo\/image\/"},"sameAs":["https:\/\/www.instagram.com\/elsastern_design\/","https:\/\/www.linkedin.com\/in\/elsa-stern\/"]}]}},"_links":{"self":[{"href":"https:\/\/elsastern.com\/en\/wp-json\/wp\/v2\/pages\/18","targetHints":{"allow":["GET"]}}],"collection":[{"href":"https:\/\/elsastern.com\/en\/wp-json\/wp\/v2\/pages"}],"about":[{"href":"https:\/\/elsastern.com\/en\/wp-json\/wp\/v2\/types\/page"}],"author":[{"embeddable":true,"href":"https:\/\/elsastern.com\/en\/wp-json\/wp\/v2\/users\/2"}],"replies":[{"embeddable":true,"href":"https:\/\/elsastern.com\/en\/wp-json\/wp\/v2\/comments?post=18"}],"version-history":[{"count":92,"href":"https:\/\/elsastern.com\/en\/wp-json\/wp\/v2\/pages\/18\/revisions"}],"predecessor-version":[{"id":1455,"href":"https:\/\/elsastern.com\/en\/wp-json\/wp\/v2\/pages\/18\/revisions\/1455"}],"wp:featuredmedia":[{"embeddable":true,"href":"https:\/\/elsastern.com\/en\/wp-json\/wp\/v2\/media\/216"}],"wp:attachment":[{"href":"https:\/\/elsastern.com\/en\/wp-json\/wp\/v2\/media?parent=18"}],"curies":[{"name":"wp","href":"https:\/\/api.w.org\/{rel}","templated":true}]}}