{"id":20,"date":"2023-01-02T18:42:38","date_gmt":"2023-01-02T17:42:38","guid":{"rendered":"https:\/\/elsastern.com\/?page_id=20"},"modified":"2024-08-30T15:06:19","modified_gmt":"2024-08-30T13:06:19","slug":"travailler-ensemble","status":"publish","type":"page","link":"https:\/\/elsastern.com\/en\/travailler-ensemble\/","title":{"rendered":"working together"},"content":{"rendered":"<div data-elementor-type=\"wp-page\" data-elementor-id=\"20\" class=\"elementor elementor-20\">\n\t\t\t\t\t\t<section class=\"elementor-section elementor-top-section elementor-element elementor-element-8c1425e elementor-section-boxed elementor-section-height-default elementor-section-height-default\" data-id=\"8c1425e\" data-element_type=\"section\" data-e-type=\"section\">\n\t\t\t\t\t\t<div class=\"elementor-container elementor-column-gap-default\">\n\t\t\t\t\t<div class=\"elementor-column elementor-col-100 elementor-top-column elementor-element elementor-element-285dc6d\" data-id=\"285dc6d\" data-element_type=\"column\" data-e-type=\"column\">\n\t\t\t<div class=\"elementor-widget-wrap elementor-element-populated\">\n\t\t\t\t\t\t<div class=\"elementor-element elementor-element-0bf2e89 elementor-widget elementor-widget-heading\" data-id=\"0bf2e89\" data-element_type=\"widget\" data-e-type=\"widget\" data-widget_type=\"heading.default\">\n\t\t\t\t<div class=\"elementor-widget-container\">\n\t\t\t\t\t<h1 class=\"elementor-heading-title elementor-size-default\">Let's work together! <\/h1>\t\t\t\t<\/div>\n\t\t\t\t<\/div>\n\t\t\t\t\t<\/div>\n\t\t<\/div>\n\t\t\t\t\t<\/div>\n\t\t<\/section>\n\t\t\t\t<section class=\"elementor-section elementor-top-section elementor-element elementor-element-0547fb6 elementor-section-boxed elementor-section-height-default elementor-section-height-default\" data-id=\"0547fb6\" data-element_type=\"section\" data-e-type=\"section\">\n\t\t\t\t\t\t<div class=\"elementor-container elementor-column-gap-default\">\n\t\t\t\t\t<div class=\"elementor-column elementor-col-100 elementor-top-column elementor-element elementor-element-c090cf1\" data-id=\"c090cf1\" data-element_type=\"column\" data-e-type=\"column\">\n\t\t\t<div class=\"elementor-widget-wrap elementor-element-populated\">\n\t\t\t\t\t\t<div class=\"elementor-element elementor-element-5f4e532 elementor-widget elementor-widget-image\" data-id=\"5f4e532\" data-element_type=\"widget\" data-e-type=\"widget\" data-widget_type=\"image.default\">\n\t\t\t\t<div class=\"elementor-widget-container\">\n\t\t\t\t\t\t\t\t\t\t\t\t\t\t\t<img decoding=\"async\" width=\"150\" height=\"150\" src=\"https:\/\/elsastern.com\/wp-content\/uploads\/2023\/01\/iconhoriz.svg\" class=\"attachment-thumbnail size-thumbnail wp-image-102\" alt=\"Elsa stern design direction artistique\" srcset=\"https:\/\/elsastern.com\/wp-content\/uploads\/2023\/01\/iconhoriz.svg 150w, https:\/\/elsastern.com\/wp-content\/uploads\/2023\/01\/iconhoriz.svg 300w, https:\/\/elsastern.com\/wp-content\/uploads\/2023\/01\/iconhoriz.svg 1024w, https:\/\/elsastern.com\/wp-content\/uploads\/2023\/01\/iconhoriz.svg 1536w, https:\/\/elsastern.com\/wp-content\/uploads\/2023\/01\/iconhoriz.svg 2048w\" sizes=\"(max-width: 150px) 100vw, 150px\" \/>\t\t\t\t\t\t\t\t\t\t\t\t\t\t\t<\/div>\n\t\t\t\t<\/div>\n\t\t\t\t\t<\/div>\n\t\t<\/div>\n\t\t\t\t\t<\/div>\n\t\t<\/section>\n\t\t\t\t<section class=\"elementor-section elementor-top-section elementor-element elementor-element-5dc8e88 elementor-section-boxed elementor-section-height-default elementor-section-height-default\" data-id=\"5dc8e88\" data-element_type=\"section\" data-e-type=\"section\">\n\t\t\t\t\t\t<div class=\"elementor-container elementor-column-gap-default\">\n\t\t\t\t\t<div class=\"elementor-column elementor-col-50 elementor-top-column elementor-element elementor-element-3dcf923\" data-id=\"3dcf923\" data-element_type=\"column\" data-e-type=\"column\">\n\t\t\t<div class=\"elementor-widget-wrap elementor-element-populated\">\n\t\t\t\t\t\t<div class=\"elementor-element elementor-element-519cfdd elementor-widget elementor-widget-text-editor\" data-id=\"519cfdd\" data-element_type=\"widget\" data-e-type=\"widget\" data-widget_type=\"text-editor.default\">\n\t\t\t\t<div class=\"elementor-widget-container\">\n\t\t\t\t\t\t\t\t\t<p>Interested in working together? Fill out this form and we'll be in touch shortly! <br \/><br \/>We can't wait to hear from you!<\/p>\t\t\t\t\t\t\t\t<\/div>\n\t\t\t\t<\/div>\n\t\t\t\t\t<\/div>\n\t\t<\/div>\n\t\t\t\t<div class=\"elementor-column elementor-col-50 elementor-top-column elementor-element elementor-element-f85b2ea\" data-id=\"f85b2ea\" data-element_type=\"column\" data-e-type=\"column\">\n\t\t\t<div class=\"elementor-widget-wrap elementor-element-populated\">\n\t\t\t\t\t\t<div class=\"elementor-element elementor-element-7d35d19 eael-contact-form-7-button-align-left eael-contact-form-7-button-custom elementor-widget elementor-widget-eael-contact-form-7\" data-id=\"7d35d19\" data-element_type=\"widget\" data-e-type=\"widget\" data-widget_type=\"eael-contact-form-7.default\">\n\t\t\t\t<div class=\"elementor-widget-container\">\n\t\t\t\t\t<div class=\"eael-contact-form-7-wrapper\">\n                <div class=\"eael-contact-form eael-contact-form-7 eael-contact-form-7d35d19 placeholder-show eael-contact-form-align-left\">\n<div class=\"wpcf7 no-js\" id=\"wpcf7-f347-o1\" lang=\"fr-FR\" dir=\"ltr\" data-wpcf7-id=\"347\">\n<div class=\"screen-reader-response\"><p role=\"status\" aria-live=\"polite\" aria-atomic=\"true\"><\/p> <ul><\/ul><\/div>\n<form action=\"\/en\/wp-json\/wp\/v2\/pages\/20#wpcf7-f347-o1\" method=\"post\" class=\"wpcf7-form init\" aria-label=\"Formulaire de contact\" novalidate=\"novalidate\" data-status=\"init\" data-trp-original-action=\"\/en\/wp-json\/wp\/v2\/pages\/20#wpcf7-f347-o1\">\n<fieldset class=\"hidden-fields-container\"><input type=\"hidden\" name=\"_wpcf7\" value=\"347\" \/><input type=\"hidden\" name=\"_wpcf7_version\" value=\"6.1.4\" \/><input type=\"hidden\" name=\"_wpcf7_locale\" value=\"fr_FR\" \/><input type=\"hidden\" name=\"_wpcf7_unit_tag\" value=\"wpcf7-f347-o1\" \/><input type=\"hidden\" name=\"_wpcf7_container_post\" value=\"0\" \/><input type=\"hidden\" name=\"_wpcf7_posted_data_hash\" value=\"\" \/><input type=\"hidden\" name=\"_wpcf7_recaptcha_response\" value=\"\" \/>\n<\/fieldset>\n<p><label> Name<br \/>\n<span class=\"wpcf7-form-control-wrap\" data-name=\"your-name\"><input size=\"40\" maxlength=\"400\" class=\"wpcf7-form-control wpcf7-text wpcf7-validates-as-required\" autocomplete=\"name\" aria-required=\"true\" aria-invalid=\"false\" value=\"\" type=\"text\" name=\"your-name\" \/><\/span> <\/label>\n<\/p>\n<p><label> Email<br \/>\n<span class=\"wpcf7-form-control-wrap\" data-name=\"your-email\"><input size=\"40\" maxlength=\"400\" class=\"wpcf7-form-control wpcf7-email wpcf7-validates-as-required wpcf7-text wpcf7-validates-as-email\" autocomplete=\"email\" aria-required=\"true\" aria-invalid=\"false\" value=\"\" type=\"email\" name=\"your-email\" \/><\/span> <\/label>\n<\/p>\n<p><label> I'm interested in...<br \/>\n<span class=\"wpcf7-form-control-wrap\" data-name=\"your-subject\"><input size=\"40\" maxlength=\"400\" class=\"wpcf7-form-control wpcf7-text wpcf7-validates-as-required\" aria-required=\"true\" aria-invalid=\"false\" value=\"\" type=\"text\" name=\"your-subject\" \/><\/span> <\/label>\n<\/p>\n<p><label> Your message (if you want to tell us more)<br \/>\n<span class=\"wpcf7-form-control-wrap\" data-name=\"your-message\"><textarea cols=\"40\" rows=\"10\" maxlength=\"2000\" class=\"wpcf7-form-control wpcf7-textarea\" aria-invalid=\"false\" name=\"your-message\"><\/textarea><\/span> <\/label>\n<\/p>\n<p><input class=\"wpcf7-form-control wpcf7-submit has-spinner\" type=\"submit\" value=\"send\" \/>\n<\/p><p style=\"display: none !important;\" class=\"akismet-fields-container\" data-prefix=\"_wpcf7_ak_\"><label>&#916;<textarea name=\"_wpcf7_ak_hp_textarea\" cols=\"45\" rows=\"8\" maxlength=\"100\"><\/textarea><\/label><input type=\"hidden\" id=\"ak_js_1\" name=\"_wpcf7_ak_js\" value=\"30\"\/><script>document.getElementById( \"ak_js_1\" ).setAttribute( \"value\", ( new Date() ).getTime() );<\/script><\/p><div class=\"wpcf7-response-output\" aria-hidden=\"true\"><\/div>\n<input type=\"hidden\" name=\"trp-form-language\" value=\"en\"\/><\/form>\n<\/div>\n<\/div>\n            <\/div>\t\t\t\t<\/div>\n\t\t\t\t<\/div>\n\t\t\t\t\t<\/div>\n\t\t<\/div>\n\t\t\t\t\t<\/div>\n\t\t<\/section>\n\t\t\t\t<\/div>","protected":false},"excerpt":{"rendered":"<p>Travaillons ensemble ! Pr\u00e9sentez votre projet et laissez vos informations de contact ! Je reviendrai vers vous dans un d\u00e9lai de 48h. Votre nom Votre e-mail Objet Votre message (facultatif) &#916;<\/p>","protected":false},"author":2,"featured_media":0,"parent":0,"menu_order":0,"comment_status":"closed","ping_status":"closed","template":"","meta":{"_eb_attr":"","footnotes":""},"class_list":["post-20","page","type-page","status-publish","hentry"],"yoast_head":"<!-- This site is optimized with the Yoast SEO plugin v26.9 - https:\/\/yoast.com\/product\/yoast-seo-wordpress\/ -->\n<title>Travailler ensemble - contact elsa stern design<\/title>\n<meta name=\"description\" content=\"Toutes les informations de contact pour travailler ensemble sur votre marque : identit\u00e9 visuelle, branding, UI design, site web...\" \/>\n<meta name=\"robots\" content=\"index, follow, max-snippet:-1, max-image-preview:large, max-video-preview:-1\" \/>\n<link rel=\"canonical\" href=\"https:\/\/elsastern.com\/en\/travailler-ensemble\/\" \/>\n<meta property=\"og:locale\" content=\"en_GB\" \/>\n<meta property=\"og:type\" content=\"article\" \/>\n<meta property=\"og:title\" content=\"Travailler ensemble - contact elsa stern design\" \/>\n<meta property=\"og:description\" content=\"Toutes les informations de contact pour travailler ensemble sur votre marque : identit\u00e9 visuelle, branding, UI design, site web...\" \/>\n<meta property=\"og:url\" content=\"https:\/\/elsastern.com\/en\/travailler-ensemble\/\" \/>\n<meta property=\"og:site_name\" content=\"elsa stern design\" \/>\n<meta property=\"article:modified_time\" content=\"2024-08-30T13:06:19+00:00\" \/>\n<meta property=\"og:image\" content=\"https:\/\/elsastern.com\/wp-content\/uploads\/2023\/01\/iconhoriz.svg\" \/>\n<meta name=\"twitter:card\" content=\"summary_large_image\" \/>\n<meta name=\"twitter:label1\" content=\"Estimated reading time\" \/>\n\t<meta name=\"twitter:data1\" content=\"1 minute\" \/>\n<script type=\"application\/ld+json\" class=\"yoast-schema-graph\">{\"@context\":\"https:\/\/schema.org\",\"@graph\":[{\"@type\":\"WebPage\",\"@id\":\"https:\/\/elsastern.com\/travailler-ensemble\/\",\"url\":\"https:\/\/elsastern.com\/travailler-ensemble\/\",\"name\":\"Travailler ensemble - contact elsa stern design\",\"isPartOf\":{\"@id\":\"https:\/\/elsastern.com\/#website\"},\"primaryImageOfPage\":{\"@id\":\"https:\/\/elsastern.com\/travailler-ensemble\/#primaryimage\"},\"image\":{\"@id\":\"https:\/\/elsastern.com\/travailler-ensemble\/#primaryimage\"},\"thumbnailUrl\":\"https:\/\/elsastern.com\/wp-content\/uploads\/2023\/01\/iconhoriz.svg\",\"datePublished\":\"2023-01-02T17:42:38+00:00\",\"dateModified\":\"2024-08-30T13:06:19+00:00\",\"description\":\"Toutes les informations de contact pour travailler ensemble sur votre marque : identit\u00e9 visuelle, branding, UI design, site web...\",\"breadcrumb\":{\"@id\":\"https:\/\/elsastern.com\/travailler-ensemble\/#breadcrumb\"},\"inLanguage\":\"en-GB\",\"potentialAction\":[{\"@type\":\"ReadAction\",\"target\":[\"https:\/\/elsastern.com\/travailler-ensemble\/\"]}]},{\"@type\":\"ImageObject\",\"inLanguage\":\"en-GB\",\"@id\":\"https:\/\/elsastern.com\/travailler-ensemble\/#primaryimage\",\"url\":\"https:\/\/elsastern.com\/wp-content\/uploads\/2023\/01\/iconhoriz.svg\",\"contentUrl\":\"https:\/\/elsastern.com\/wp-content\/uploads\/2023\/01\/iconhoriz.svg\"},{\"@type\":\"BreadcrumbList\",\"@id\":\"https:\/\/elsastern.com\/travailler-ensemble\/#breadcrumb\",\"itemListElement\":[{\"@type\":\"ListItem\",\"position\":1,\"name\":\"Accueil\",\"item\":\"https:\/\/elsastern.com\/\"},{\"@type\":\"ListItem\",\"position\":2,\"name\":\"Travailler ensemble\"}]},{\"@type\":\"WebSite\",\"@id\":\"https:\/\/elsastern.com\/#website\",\"url\":\"https:\/\/elsastern.com\/\",\"name\":\"elsa stern design\",\"description\":\"Cr\u00e9ons une identit\u00e9 propre \u00e0 votre besoin.\",\"publisher\":{\"@id\":\"https:\/\/elsastern.com\/#organization\"},\"potentialAction\":[{\"@type\":\"SearchAction\",\"target\":{\"@type\":\"EntryPoint\",\"urlTemplate\":\"https:\/\/elsastern.com\/?s={search_term_string}\"},\"query-input\":{\"@type\":\"PropertyValueSpecification\",\"valueRequired\":true,\"valueName\":\"search_term_string\"}}],\"inLanguage\":\"en-GB\"},{\"@type\":\"Organization\",\"@id\":\"https:\/\/elsastern.com\/#organization\",\"name\":\"elsa stern design\",\"url\":\"https:\/\/elsastern.com\/\",\"logo\":{\"@type\":\"ImageObject\",\"inLanguage\":\"en-GB\",\"@id\":\"https:\/\/elsastern.com\/#\/schema\/logo\/image\/\",\"url\":\"https:\/\/elsastern.com\/wp-content\/uploads\/2023\/01\/logo_.svg\",\"contentUrl\":\"https:\/\/elsastern.com\/wp-content\/uploads\/2023\/01\/logo_.svg\",\"width\":808,\"height\":216,\"caption\":\"elsa stern design\"},\"image\":{\"@id\":\"https:\/\/elsastern.com\/#\/schema\/logo\/image\/\"},\"sameAs\":[\"https:\/\/www.instagram.com\/elsastern_design\/\",\"https:\/\/www.linkedin.com\/in\/elsa-stern\/\"]}]}<\/script>\n<!-- \/ Yoast SEO plugin. -->","yoast_head_json":{"title":"Travailler ensemble - contact elsa stern design","description":"Toutes les informations de contact pour travailler ensemble sur votre marque : identit\u00e9 visuelle, branding, UI design, site web...","robots":{"index":"index","follow":"follow","max-snippet":"max-snippet:-1","max-image-preview":"max-image-preview:large","max-video-preview":"max-video-preview:-1"},"canonical":"https:\/\/elsastern.com\/en\/travailler-ensemble\/","og_locale":"en_GB","og_type":"article","og_title":"Travailler ensemble - contact elsa stern design","og_description":"Toutes les informations de contact pour travailler ensemble sur votre marque : identit\u00e9 visuelle, branding, UI design, site web...","og_url":"https:\/\/elsastern.com\/en\/travailler-ensemble\/","og_site_name":"elsa stern design","article_modified_time":"2024-08-30T13:06:19+00:00","og_image":[{"url":"https:\/\/elsastern.com\/wp-content\/uploads\/2023\/01\/iconhoriz.svg","type":"","width":"","height":""}],"twitter_card":"summary_large_image","twitter_misc":{"Estimated reading time":"1 minute"},"schema":{"@context":"https:\/\/schema.org","@graph":[{"@type":"WebPage","@id":"https:\/\/elsastern.com\/travailler-ensemble\/","url":"https:\/\/elsastern.com\/travailler-ensemble\/","name":"Travailler ensemble - contact elsa stern design","isPartOf":{"@id":"https:\/\/elsastern.com\/#website"},"primaryImageOfPage":{"@id":"https:\/\/elsastern.com\/travailler-ensemble\/#primaryimage"},"image":{"@id":"https:\/\/elsastern.com\/travailler-ensemble\/#primaryimage"},"thumbnailUrl":"https:\/\/elsastern.com\/wp-content\/uploads\/2023\/01\/iconhoriz.svg","datePublished":"2023-01-02T17:42:38+00:00","dateModified":"2024-08-30T13:06:19+00:00","description":"Toutes les informations de contact pour travailler ensemble sur votre marque : identit\u00e9 visuelle, branding, UI design, site web...","breadcrumb":{"@id":"https:\/\/elsastern.com\/travailler-ensemble\/#breadcrumb"},"inLanguage":"en-GB","potentialAction":[{"@type":"ReadAction","target":["https:\/\/elsastern.com\/travailler-ensemble\/"]}]},{"@type":"ImageObject","inLanguage":"en-GB","@id":"https:\/\/elsastern.com\/travailler-ensemble\/#primaryimage","url":"https:\/\/elsastern.com\/wp-content\/uploads\/2023\/01\/iconhoriz.svg","contentUrl":"https:\/\/elsastern.com\/wp-content\/uploads\/2023\/01\/iconhoriz.svg"},{"@type":"BreadcrumbList","@id":"https:\/\/elsastern.com\/travailler-ensemble\/#breadcrumb","itemListElement":[{"@type":"ListItem","position":1,"name":"Accueil","item":"https:\/\/elsastern.com\/"},{"@type":"ListItem","position":2,"name":"Travailler ensemble"}]},{"@type":"WebSite","@id":"https:\/\/elsastern.com\/#website","url":"https:\/\/elsastern.com\/","name":"elsa stern design","description":"Cr\u00e9ons une identit\u00e9 propre \u00e0 votre besoin.","publisher":{"@id":"https:\/\/elsastern.com\/#organization"},"potentialAction":[{"@type":"SearchAction","target":{"@type":"EntryPoint","urlTemplate":"https:\/\/elsastern.com\/?s={search_term_string}"},"query-input":{"@type":"PropertyValueSpecification","valueRequired":true,"valueName":"search_term_string"}}],"inLanguage":"en-GB"},{"@type":"Organization","@id":"https:\/\/elsastern.com\/#organization","name":"elsa stern design","url":"https:\/\/elsastern.com\/","logo":{"@type":"ImageObject","inLanguage":"en-GB","@id":"https:\/\/elsastern.com\/#\/schema\/logo\/image\/","url":"https:\/\/elsastern.com\/wp-content\/uploads\/2023\/01\/logo_.svg","contentUrl":"https:\/\/elsastern.com\/wp-content\/uploads\/2023\/01\/logo_.svg","width":808,"height":216,"caption":"elsa stern design"},"image":{"@id":"https:\/\/elsastern.com\/#\/schema\/logo\/image\/"},"sameAs":["https:\/\/www.instagram.com\/elsastern_design\/","https:\/\/www.linkedin.com\/in\/elsa-stern\/"]}]}},"_links":{"self":[{"href":"https:\/\/elsastern.com\/en\/wp-json\/wp\/v2\/pages\/20","targetHints":{"allow":["GET"]}}],"collection":[{"href":"https:\/\/elsastern.com\/en\/wp-json\/wp\/v2\/pages"}],"about":[{"href":"https:\/\/elsastern.com\/en\/wp-json\/wp\/v2\/types\/page"}],"author":[{"embeddable":true,"href":"https:\/\/elsastern.com\/en\/wp-json\/wp\/v2\/users\/2"}],"replies":[{"embeddable":true,"href":"https:\/\/elsastern.com\/en\/wp-json\/wp\/v2\/comments?post=20"}],"version-history":[{"count":44,"href":"https:\/\/elsastern.com\/en\/wp-json\/wp\/v2\/pages\/20\/revisions"}],"predecessor-version":[{"id":1476,"href":"https:\/\/elsastern.com\/en\/wp-json\/wp\/v2\/pages\/20\/revisions\/1476"}],"wp:attachment":[{"href":"https:\/\/elsastern.com\/en\/wp-json\/wp\/v2\/media?parent=20"}],"curies":[{"name":"wp","href":"https:\/\/api.w.org\/{rel}","templated":true}]}}